{"id":439,"date":"2025-05-18T20:08:17","date_gmt":"2025-05-18T20:08:17","guid":{"rendered":"https:\/\/jpjanda.cz\/?page_id=439"},"modified":"2025-05-18T20:42:30","modified_gmt":"2025-05-18T20:42:30","slug":"works","status":"publish","type":"page","link":"https:\/\/jpjanda.cz\/cs\/works\/","title":{"rendered":"D\u00edla"},"content":{"rendered":"<div class=\"row wpb_row row-fluid full-width-row\"><div class=\"wpb_column columns medium-12 thb-dark-column small-12\"><div class=\"vc_column-inner\"><div class=\"wpb_wrapper\">\r\n\t<div class=\"wpb_text_column wpb_content_element\" >\r\n\t\t<div class=\"wpb_wrapper\">\r\n\t\t\t<h1 style=\"text-align: center;\">D\u00edla<\/h1>\n\r\n\t\t<\/div>\r\n\t<\/div>\r\n<div class=\"vc_empty_space\" id=\"thb-empty-space-69f85e0507c42\" style=\"height: 32px\" ><span class=\"vc_empty_space_inner\"><\/span><\/div>\r\n\r\n\t<section class=\"thb-portfolio masonry row thb_margins thb-filter-style1\" data-thb-animation=\"thb-animate-from-bottom\" data-thb-animation-speed=\"0.5\" data-loadmore=\"#loadmore-825\" data-filter=\"thb-filter-825\" data-security=\"2d14d23ec3\">\r\n\r\n\t\t\t\t<a href=\"https:\/\/jpjanda.cz\/cs\/portfolio\/come-to-me\/\" class=\"thb-cat-music-video small-12 medium-3 thb-5 padding-1 style2-hover-style1 title-center thb-animate-from-bottom columns type-portfolio portfolio-style2 post-673 portfolio status-publish has-post-thumbnail hentry project-category-music-video\" id=\"portfolio-673\">\r\n\t<div class=\"portfolio-holder\">\r\n\t\t<div class=\"portfolio-inner\" style=\"padding-bottom: 80%;\">\r\n\t\t\t<div class=\"thb-placeholder first\"><img loading=\"lazy\" decoding=\"async\" width=\"760\" height=\"700\" src=\"https:\/\/jpjanda.cz\/wp-content\/uploads\/2025\/10\/Prijd-za-mnou_Still_8-min-760x700.jpg\" class=\"attachment-notio-square-x2 size-notio-square-x2 wp-post-image\" alt=\"Czech AI Art\" srcset=\"https:\/\/jpjanda.cz\/wp-content\/uploads\/2025\/10\/Prijd-za-mnou_Still_8-min-760x700.jpg 760w, https:\/\/jpjanda.cz\/wp-content\/uploads\/2025\/10\/Prijd-za-mnou_Still_8-min-380x350.jpg 380w, https:\/\/jpjanda.cz\/wp-content\/uploads\/2025\/10\/Prijd-za-mnou_Still_8-min-20x18.jpg 20w\" sizes=\"auto, (max-width: 760px) 100vw, 760px\" \/><\/div>\r\n\t\t\t\t\t\t\t\t<\/div>\r\n\t\t<div class=\"portfolio-link\">\r\n\t\t\t<h2>Come to Me<\/h2>\r\n\t\t\t<aside class=\"thb-categories\">Music Video<\/aside>\r\n\t\t<\/div>\r\n\t<\/div>\r\n<\/a>\r\n<a href=\"https:\/\/jpjanda.cz\/cs\/portfolio\/my-joy\/\" class=\"thb-cat-music-video small-12 medium-3 thb-5 padding-1 style2-hover-style1 title-center thb-animate-from-bottom columns type-portfolio portfolio-style2 post-696 portfolio status-publish has-post-thumbnail hentry project-category-music-video\" id=\"portfolio-696\">\r\n\t<div class=\"portfolio-holder\">\r\n\t\t<div class=\"portfolio-inner\" style=\"padding-bottom: 80%;\">\r\n\t\t\t<div class=\"thb-placeholder first\"><img loading=\"lazy\" decoding=\"async\" width=\"760\" height=\"700\" src=\"https:\/\/jpjanda.cz\/wp-content\/uploads\/2025\/10\/Moja-radost_Still_1-min-760x700.jpg\" class=\"attachment-notio-square-x2 size-notio-square-x2 wp-post-image\" alt=\"Moja rados\u0165\" srcset=\"https:\/\/jpjanda.cz\/wp-content\/uploads\/2025\/10\/Moja-radost_Still_1-min-760x700.jpg 760w, https:\/\/jpjanda.cz\/wp-content\/uploads\/2025\/10\/Moja-radost_Still_1-min-380x350.jpg 380w, https:\/\/jpjanda.cz\/wp-content\/uploads\/2025\/10\/Moja-radost_Still_1-min-20x18.jpg 20w, https:\/\/jpjanda.cz\/wp-content\/uploads\/2025\/10\/Moja-radost_Still_1-min-1140x1050.jpg 1140w\" sizes=\"auto, (max-width: 760px) 100vw, 760px\" \/><\/div>\r\n\t\t\t\t\t\t\t\t<\/div>\r\n\t\t<div class=\"portfolio-link\">\r\n\t\t\t<h2>My Joy<\/h2>\r\n\t\t\t<aside class=\"thb-categories\">Music Video<\/aside>\r\n\t\t<\/div>\r\n\t<\/div>\r\n<\/a>\r\n<a href=\"https:\/\/jpjanda.cz\/cs\/portfolio\/class-reunion\/\" class=\"thb-cat-music-video small-12 medium-3 thb-5 padding-1 style2-hover-style1 title-center thb-animate-from-bottom columns type-portfolio portfolio-style2 post-470 portfolio status-publish has-post-thumbnail hentry project-category-music-video\" id=\"portfolio-470\">\r\n\t<div class=\"portfolio-holder\">\r\n\t\t<div class=\"portfolio-inner\" style=\"padding-bottom: 80%;\">\r\n\t\t\t<div class=\"thb-placeholder first\"><img loading=\"lazy\" decoding=\"async\" width=\"760\" height=\"700\" src=\"https:\/\/jpjanda.cz\/wp-content\/uploads\/2025\/05\/Tridni-sraz-featured-1-760x700.jpg\" class=\"attachment-notio-square-x2 size-notio-square-x2 wp-post-image\" alt=\"T\u0159\u00eddn\u00ed sraz\" srcset=\"https:\/\/jpjanda.cz\/wp-content\/uploads\/2025\/05\/Tridni-sraz-featured-1-760x700.jpg 760w, https:\/\/jpjanda.cz\/wp-content\/uploads\/2025\/05\/Tridni-sraz-featured-1-300x276.jpg 300w, https:\/\/jpjanda.cz\/wp-content\/uploads\/2025\/05\/Tridni-sraz-featured-1-1024x943.jpg 1024w, https:\/\/jpjanda.cz\/wp-content\/uploads\/2025\/05\/Tridni-sraz-featured-1-768x707.jpg 768w, https:\/\/jpjanda.cz\/wp-content\/uploads\/2025\/05\/Tridni-sraz-featured-1-380x350.jpg 380w, https:\/\/jpjanda.cz\/wp-content\/uploads\/2025\/05\/Tridni-sraz-featured-1-20x18.jpg 20w, https:\/\/jpjanda.cz\/wp-content\/uploads\/2025\/05\/Tridni-sraz-featured-1-150x138.jpg 150w, https:\/\/jpjanda.cz\/wp-content\/uploads\/2025\/05\/Tridni-sraz-featured-1-600x553.jpg 600w, https:\/\/jpjanda.cz\/wp-content\/uploads\/2025\/05\/Tridni-sraz-featured-1-900x829.jpg 900w, https:\/\/jpjanda.cz\/wp-content\/uploads\/2025\/05\/Tridni-sraz-featured-1-1140x1050.jpg 1140w, https:\/\/jpjanda.cz\/wp-content\/uploads\/2025\/05\/Tridni-sraz-featured-1.jpg 1520w\" sizes=\"auto, (max-width: 760px) 100vw, 760px\" \/><\/div>\r\n\t\t\t\t\t\t\t\t<\/div>\r\n\t\t<div class=\"portfolio-link\">\r\n\t\t\t<h2>Class Reunion<\/h2>\r\n\t\t\t<aside class=\"thb-categories\">Music Video<\/aside>\r\n\t\t<\/div>\r\n\t<\/div>\r\n<\/a>\r\n<a href=\"https:\/\/jpjanda.cz\/cs\/portfolio\/industrial-bestiary\/\" class=\"thb-cat-video-en small-12 medium-3 thb-5 padding-1 style2-hover-style1 title-center thb-animate-from-bottom columns type-portfolio portfolio-style2 post-487 portfolio status-publish has-post-thumbnail hentry project-category-video-en\" id=\"portfolio-487\">\r\n\t<div class=\"portfolio-holder\">\r\n\t\t<div class=\"portfolio-inner\" style=\"padding-bottom: 80%;\">\r\n\t\t\t<div class=\"thb-placeholder first\"><img loading=\"lazy\" decoding=\"async\" width=\"760\" height=\"700\" src=\"https:\/\/jpjanda.cz\/wp-content\/uploads\/2025\/05\/Prumyslovy-bestiar-featured-760x700.jpg\" class=\"attachment-notio-square-x2 size-notio-square-x2 wp-post-image\" alt=\"Pr\u016fmyslov\u00fd besti\u00e1\u0159\" srcset=\"https:\/\/jpjanda.cz\/wp-content\/uploads\/2025\/05\/Prumyslovy-bestiar-featured-760x700.jpg 760w, https:\/\/jpjanda.cz\/wp-content\/uploads\/2025\/05\/Prumyslovy-bestiar-featured-300x276.jpg 300w, https:\/\/jpjanda.cz\/wp-content\/uploads\/2025\/05\/Prumyslovy-bestiar-featured-1024x943.jpg 1024w, https:\/\/jpjanda.cz\/wp-content\/uploads\/2025\/05\/Prumyslovy-bestiar-featured-768x707.jpg 768w, https:\/\/jpjanda.cz\/wp-content\/uploads\/2025\/05\/Prumyslovy-bestiar-featured-380x350.jpg 380w, https:\/\/jpjanda.cz\/wp-content\/uploads\/2025\/05\/Prumyslovy-bestiar-featured-20x18.jpg 20w, https:\/\/jpjanda.cz\/wp-content\/uploads\/2025\/05\/Prumyslovy-bestiar-featured-150x138.jpg 150w, https:\/\/jpjanda.cz\/wp-content\/uploads\/2025\/05\/Prumyslovy-bestiar-featured-600x553.jpg 600w, https:\/\/jpjanda.cz\/wp-content\/uploads\/2025\/05\/Prumyslovy-bestiar-featured-900x829.jpg 900w, https:\/\/jpjanda.cz\/wp-content\/uploads\/2025\/05\/Prumyslovy-bestiar-featured-1140x1050.jpg 1140w, https:\/\/jpjanda.cz\/wp-content\/uploads\/2025\/05\/Prumyslovy-bestiar-featured.jpg 1520w\" sizes=\"auto, (max-width: 760px) 100vw, 760px\" \/><\/div>\r\n\t\t\t\t\t\t\t\t<\/div>\r\n\t\t<div class=\"portfolio-link\">\r\n\t\t\t<h2>Industrial Bestiary<\/h2>\r\n\t\t\t<aside class=\"thb-categories\">Video<\/aside>\r\n\t\t<\/div>\r\n\t<\/div>\r\n<\/a>\r\n<a href=\"https:\/\/jpjanda.cz\/cs\/portfolio\/cooking-with-bzzz\/\" class=\"thb-cat-video-en small-12 medium-3 thb-5 padding-1 style2-hover-style1 title-center thb-animate-from-bottom columns type-portfolio portfolio-style2 post-507 portfolio status-publish has-post-thumbnail hentry project-category-video-en\" id=\"portfolio-507\">\r\n\t<div class=\"portfolio-holder\">\r\n\t\t<div class=\"portfolio-inner\" style=\"padding-bottom: 80%;\">\r\n\t\t\t<div class=\"thb-placeholder first\"><img loading=\"lazy\" decoding=\"async\" width=\"760\" height=\"700\" src=\"https:\/\/jpjanda.cz\/wp-content\/uploads\/2025\/05\/Sest-noh-u-stolu-featured-760x700.jpg\" class=\"attachment-notio-square-x2 size-notio-square-x2 wp-post-image\" alt=\"\" srcset=\"https:\/\/jpjanda.cz\/wp-content\/uploads\/2025\/05\/Sest-noh-u-stolu-featured-760x700.jpg 760w, https:\/\/jpjanda.cz\/wp-content\/uploads\/2025\/05\/Sest-noh-u-stolu-featured-300x276.jpg 300w, https:\/\/jpjanda.cz\/wp-content\/uploads\/2025\/05\/Sest-noh-u-stolu-featured-1024x943.jpg 1024w, https:\/\/jpjanda.cz\/wp-content\/uploads\/2025\/05\/Sest-noh-u-stolu-featured-768x707.jpg 768w, https:\/\/jpjanda.cz\/wp-content\/uploads\/2025\/05\/Sest-noh-u-stolu-featured-380x350.jpg 380w, https:\/\/jpjanda.cz\/wp-content\/uploads\/2025\/05\/Sest-noh-u-stolu-featured-20x18.jpg 20w, https:\/\/jpjanda.cz\/wp-content\/uploads\/2025\/05\/Sest-noh-u-stolu-featured-150x138.jpg 150w, https:\/\/jpjanda.cz\/wp-content\/uploads\/2025\/05\/Sest-noh-u-stolu-featured-600x553.jpg 600w, https:\/\/jpjanda.cz\/wp-content\/uploads\/2025\/05\/Sest-noh-u-stolu-featured-900x829.jpg 900w, https:\/\/jpjanda.cz\/wp-content\/uploads\/2025\/05\/Sest-noh-u-stolu-featured-1140x1050.jpg 1140w, https:\/\/jpjanda.cz\/wp-content\/uploads\/2025\/05\/Sest-noh-u-stolu-featured.jpg 1520w\" sizes=\"auto, (max-width: 760px) 100vw, 760px\" \/><\/div>\r\n\t\t\t\t\t\t\t\t<\/div>\r\n\t\t<div class=\"portfolio-link\">\r\n\t\t\t<h2>Cooking with Bzzz<\/h2>\r\n\t\t\t<aside class=\"thb-categories\">Video<\/aside>\r\n\t\t<\/div>\r\n\t<\/div>\r\n<\/a>\r\n<a href=\"https:\/\/jpjanda.cz\/cs\/portfolio\/holidai-exe-en\/\" class=\"thb-cat-video-en small-12 medium-3 thb-5 padding-1 style2-hover-style1 title-center thb-animate-from-bottom columns type-portfolio portfolio-style2 post-521 portfolio status-publish has-post-thumbnail hentry project-category-video-en\" id=\"portfolio-521\">\r\n\t<div class=\"portfolio-holder\">\r\n\t\t<div class=\"portfolio-inner\" style=\"padding-bottom: 80%;\">\r\n\t\t\t<div class=\"thb-placeholder first\"><img loading=\"lazy\" decoding=\"async\" width=\"760\" height=\"700\" src=\"https:\/\/jpjanda.cz\/wp-content\/uploads\/2025\/05\/Holiday-exe-feature-1600x1600-1-760x700.jpg\" class=\"attachment-notio-square-x2 size-notio-square-x2 wp-post-image\" alt=\"Holiday exe\" srcset=\"https:\/\/jpjanda.cz\/wp-content\/uploads\/2025\/05\/Holiday-exe-feature-1600x1600-1-760x700.jpg 760w, https:\/\/jpjanda.cz\/wp-content\/uploads\/2025\/05\/Holiday-exe-feature-1600x1600-1-380x350.jpg 380w, https:\/\/jpjanda.cz\/wp-content\/uploads\/2025\/05\/Holiday-exe-feature-1600x1600-1-20x18.jpg 20w, https:\/\/jpjanda.cz\/wp-content\/uploads\/2025\/05\/Holiday-exe-feature-1600x1600-1-1140x1050.jpg 1140w\" sizes=\"auto, (max-width: 760px) 100vw, 760px\" \/><\/div>\r\n\t\t\t\t\t\t\t\t<\/div>\r\n\t\t<div class=\"portfolio-link\">\r\n\t\t\t<h2>HolidAI.exe<\/h2>\r\n\t\t\t<aside class=\"thb-categories\">Video<\/aside>\r\n\t\t<\/div>\r\n\t<\/div>\r\n<\/a>\r\n<a href=\"https:\/\/jpjanda.cz\/cs\/portfolio\/monday\/\" class=\"thb-cat-video-en small-12 medium-3 thb-5 padding-1 style2-hover-style1 title-center thb-animate-from-bottom columns type-portfolio portfolio-style2 post-421 portfolio status-publish has-post-thumbnail hentry project-category-video-en\" id=\"portfolio-421\">\r\n\t<div class=\"portfolio-holder\">\r\n\t\t<div class=\"portfolio-inner\" style=\"padding-bottom: 80%;\">\r\n\t\t\t<div class=\"thb-placeholder first\"><img loading=\"lazy\" decoding=\"async\" width=\"760\" height=\"700\" src=\"https:\/\/jpjanda.cz\/wp-content\/uploads\/2024\/11\/Monday-featured-760x700.jpg\" class=\"attachment-notio-square-x2 size-notio-square-x2 wp-post-image\" alt=\"Monday\" srcset=\"https:\/\/jpjanda.cz\/wp-content\/uploads\/2024\/11\/Monday-featured-760x700.jpg 760w, https:\/\/jpjanda.cz\/wp-content\/uploads\/2024\/11\/Monday-featured-300x276.jpg 300w, https:\/\/jpjanda.cz\/wp-content\/uploads\/2024\/11\/Monday-featured-1024x943.jpg 1024w, https:\/\/jpjanda.cz\/wp-content\/uploads\/2024\/11\/Monday-featured-768x707.jpg 768w, https:\/\/jpjanda.cz\/wp-content\/uploads\/2024\/11\/Monday-featured-380x350.jpg 380w, https:\/\/jpjanda.cz\/wp-content\/uploads\/2024\/11\/Monday-featured-20x18.jpg 20w, https:\/\/jpjanda.cz\/wp-content\/uploads\/2024\/11\/Monday-featured-150x138.jpg 150w, https:\/\/jpjanda.cz\/wp-content\/uploads\/2024\/11\/Monday-featured-600x553.jpg 600w, https:\/\/jpjanda.cz\/wp-content\/uploads\/2024\/11\/Monday-featured-900x829.jpg 900w, https:\/\/jpjanda.cz\/wp-content\/uploads\/2024\/11\/Monday-featured-1140x1050.jpg 1140w, https:\/\/jpjanda.cz\/wp-content\/uploads\/2024\/11\/Monday-featured.jpg 1520w\" sizes=\"auto, (max-width: 760px) 100vw, 760px\" \/><\/div>\r\n\t\t\t\t\t\t\t\t<\/div>\r\n\t\t<div class=\"portfolio-link\">\r\n\t\t\t<h2>Monday<\/h2>\r\n\t\t\t<aside class=\"thb-categories\">Video<\/aside>\r\n\t\t<\/div>\r\n\t<\/div>\r\n<\/a>\r\n<a href=\"https:\/\/jpjanda.cz\/cs\/portfolio\/burrow\/\" class=\"thb-cat-installation small-12 medium-3 thb-5 padding-1 style2-hover-style1 title-center thb-animate-from-bottom columns type-portfolio portfolio-style2 post-554 portfolio status-publish has-post-thumbnail hentry project-category-installation\" id=\"portfolio-554\">\r\n\t<div class=\"portfolio-holder\">\r\n\t\t<div class=\"portfolio-inner\" style=\"padding-bottom: 80%;\">\r\n\t\t\t<div class=\"thb-placeholder first\"><img loading=\"lazy\" decoding=\"async\" width=\"760\" height=\"700\" src=\"https:\/\/jpjanda.cz\/wp-content\/uploads\/2024\/10\/Nora-featured-760x700.jpg\" class=\"attachment-notio-square-x2 size-notio-square-x2 wp-post-image\" alt=\"Nora\" srcset=\"https:\/\/jpjanda.cz\/wp-content\/uploads\/2024\/10\/Nora-featured-760x700.jpg 760w, https:\/\/jpjanda.cz\/wp-content\/uploads\/2024\/10\/Nora-featured-300x276.jpg 300w, https:\/\/jpjanda.cz\/wp-content\/uploads\/2024\/10\/Nora-featured-1024x943.jpg 1024w, https:\/\/jpjanda.cz\/wp-content\/uploads\/2024\/10\/Nora-featured-768x707.jpg 768w, https:\/\/jpjanda.cz\/wp-content\/uploads\/2024\/10\/Nora-featured-380x350.jpg 380w, https:\/\/jpjanda.cz\/wp-content\/uploads\/2024\/10\/Nora-featured-20x18.jpg 20w, https:\/\/jpjanda.cz\/wp-content\/uploads\/2024\/10\/Nora-featured-150x138.jpg 150w, https:\/\/jpjanda.cz\/wp-content\/uploads\/2024\/10\/Nora-featured-600x553.jpg 600w, https:\/\/jpjanda.cz\/wp-content\/uploads\/2024\/10\/Nora-featured-900x829.jpg 900w, https:\/\/jpjanda.cz\/wp-content\/uploads\/2024\/10\/Nora-featured-1140x1050.jpg 1140w, https:\/\/jpjanda.cz\/wp-content\/uploads\/2024\/10\/Nora-featured.jpg 1520w\" sizes=\"auto, (max-width: 760px) 100vw, 760px\" \/><\/div>\r\n\t\t\t\t\t\t\t\t<\/div>\r\n\t\t<div class=\"portfolio-link\">\r\n\t\t\t<h2>Burrow<\/h2>\r\n\t\t\t<aside class=\"thb-categories\">Installation<\/aside>\r\n\t\t<\/div>\r\n\t<\/div>\r\n<\/a>\r\n<a href=\"https:\/\/jpjanda.cz\/cs\/portfolio\/wonderful-holiday-in-plastic\/\" class=\"thb-cat-video-en small-12 medium-3 thb-5 padding-1 style2-hover-style1 title-center thb-animate-from-bottom columns type-portfolio portfolio-style2 post-548 portfolio status-publish has-post-thumbnail hentry project-category-video-en\" id=\"portfolio-548\">\r\n\t<div class=\"portfolio-holder\">\r\n\t\t<div class=\"portfolio-inner\" style=\"padding-bottom: 80%;\">\r\n\t\t\t<div class=\"thb-placeholder first\"><img loading=\"lazy\" decoding=\"async\" width=\"760\" height=\"700\" src=\"https:\/\/jpjanda.cz\/wp-content\/uploads\/2024\/09\/Bajecna-dovolena-v-plastu-featured-760x700.jpg\" class=\"attachment-notio-square-x2 size-notio-square-x2 wp-post-image\" alt=\"B\u00e1je\u010dn\u00e1 dovolen\u00e1 v plastu\" srcset=\"https:\/\/jpjanda.cz\/wp-content\/uploads\/2024\/09\/Bajecna-dovolena-v-plastu-featured-760x700.jpg 760w, https:\/\/jpjanda.cz\/wp-content\/uploads\/2024\/09\/Bajecna-dovolena-v-plastu-featured-300x276.jpg 300w, https:\/\/jpjanda.cz\/wp-content\/uploads\/2024\/09\/Bajecna-dovolena-v-plastu-featured-1024x943.jpg 1024w, https:\/\/jpjanda.cz\/wp-content\/uploads\/2024\/09\/Bajecna-dovolena-v-plastu-featured-768x707.jpg 768w, https:\/\/jpjanda.cz\/wp-content\/uploads\/2024\/09\/Bajecna-dovolena-v-plastu-featured-380x350.jpg 380w, https:\/\/jpjanda.cz\/wp-content\/uploads\/2024\/09\/Bajecna-dovolena-v-plastu-featured-20x18.jpg 20w, https:\/\/jpjanda.cz\/wp-content\/uploads\/2024\/09\/Bajecna-dovolena-v-plastu-featured-150x138.jpg 150w, https:\/\/jpjanda.cz\/wp-content\/uploads\/2024\/09\/Bajecna-dovolena-v-plastu-featured-600x553.jpg 600w, https:\/\/jpjanda.cz\/wp-content\/uploads\/2024\/09\/Bajecna-dovolena-v-plastu-featured-900x829.jpg 900w, https:\/\/jpjanda.cz\/wp-content\/uploads\/2024\/09\/Bajecna-dovolena-v-plastu-featured-1140x1050.jpg 1140w, https:\/\/jpjanda.cz\/wp-content\/uploads\/2024\/09\/Bajecna-dovolena-v-plastu-featured.jpg 1520w\" sizes=\"auto, (max-width: 760px) 100vw, 760px\" \/><\/div>\r\n\t\t\t\t\t\t\t\t<\/div>\r\n\t\t<div class=\"portfolio-link\">\r\n\t\t\t<h2>Wonderful holiday in plastic<\/h2>\r\n\t\t\t<aside class=\"thb-categories\">Video<\/aside>\r\n\t\t<\/div>\r\n\t<\/div>\r\n<\/a>\r\n<a href=\"https:\/\/jpjanda.cz\/cs\/portfolio\/technonature\/\" class=\"thb-cat-video-en small-12 medium-3 thb-5 padding-1 style2-hover-style1 title-center thb-animate-from-bottom columns type-portfolio portfolio-style2 post-562 portfolio status-publish has-post-thumbnail hentry project-category-video-en\" id=\"portfolio-562\">\r\n\t<div class=\"portfolio-holder\">\r\n\t\t<div class=\"portfolio-inner\" style=\"padding-bottom: 80%;\">\r\n\t\t\t<div class=\"thb-placeholder first\"><img loading=\"lazy\" decoding=\"async\" width=\"760\" height=\"700\" src=\"https:\/\/jpjanda.cz\/wp-content\/uploads\/2023\/05\/Technonature-featured-760x700.jpg\" class=\"attachment-notio-square-x2 size-notio-square-x2 wp-post-image\" alt=\"\" srcset=\"https:\/\/jpjanda.cz\/wp-content\/uploads\/2023\/05\/Technonature-featured-760x700.jpg 760w, https:\/\/jpjanda.cz\/wp-content\/uploads\/2023\/05\/Technonature-featured-300x276.jpg 300w, https:\/\/jpjanda.cz\/wp-content\/uploads\/2023\/05\/Technonature-featured-1024x943.jpg 1024w, https:\/\/jpjanda.cz\/wp-content\/uploads\/2023\/05\/Technonature-featured-768x707.jpg 768w, https:\/\/jpjanda.cz\/wp-content\/uploads\/2023\/05\/Technonature-featured-380x350.jpg 380w, https:\/\/jpjanda.cz\/wp-content\/uploads\/2023\/05\/Technonature-featured-20x18.jpg 20w, https:\/\/jpjanda.cz\/wp-content\/uploads\/2023\/05\/Technonature-featured-150x138.jpg 150w, https:\/\/jpjanda.cz\/wp-content\/uploads\/2023\/05\/Technonature-featured-600x553.jpg 600w, https:\/\/jpjanda.cz\/wp-content\/uploads\/2023\/05\/Technonature-featured-900x829.jpg 900w, https:\/\/jpjanda.cz\/wp-content\/uploads\/2023\/05\/Technonature-featured-1140x1050.jpg 1140w, https:\/\/jpjanda.cz\/wp-content\/uploads\/2023\/05\/Technonature-featured.jpg 1520w\" sizes=\"auto, (max-width: 760px) 100vw, 760px\" \/><\/div>\r\n\t\t\t\t\t\t\t\t<\/div>\r\n\t\t<div class=\"portfolio-link\">\r\n\t\t\t<h2>Technonature<\/h2>\r\n\t\t\t<aside class=\"thb-categories\">Video<\/aside>\r\n\t\t<\/div>\r\n\t<\/div>\r\n<\/a>\r\n\t<\/section>\r\n\t\r\n\t<\/div><\/div><\/div><\/div><div class=\"row wpb_row row-fluid\"><div class=\"wpb_column columns medium-12 thb-dark-column small-12\"><div class=\"vc_column-inner\"><div class=\"wpb_wrapper\"><div class=\"vc_empty_space\" id=\"thb-empty-space-69f85e05102aa\" style=\"height: 50px\" ><span class=\"vc_empty_space_inner\"><\/span><\/div>\r\n\r\n\t<div class=\"wpb_text_column wpb_content_element\" >\r\n\t\t<div class=\"wpb_wrapper\">\r\n\t\t\t<p style=\"text-align: center;\">A selection of audiovisual works, installations, and experimental videos by Ji\u0159\u00ed Philippe Janda. These projects explore themes of AI, memory, synthetic nature, and fictional worldbuilding across various media formats.<\/p>\n\r\n\t\t<\/div>\r\n\t<\/div>\r\n<\/div><\/div><\/div><\/div>","protected":false},"excerpt":{"rendered":"Technonature Mood video .. in process TechnoNature is an audiovisual project exploring the shifting relationship between nature and technology. Through speculative imagery, sound, and narrative, it opens a space for imagining a world where the boundaries between the organic and the synthetic begin to blur. The project unfolds at the intersection of research, art, and&hellip;","protected":false},"author":1,"featured_media":0,"parent":0,"menu_order":0,"comment_status":"closed","ping_status":"closed","template":"","meta":{"footnotes":""},"class_list":["post-439","page","type-page","status-publish","hentry"],"yoast_head":"<!-- This site is optimized with the Yoast SEO plugin v27.3 - https:\/\/yoast.com\/product\/yoast-seo-wordpress\/ -->\n<title>Ji\u0159\u00ed Philippe Janda | Selected Works \u2013 AI Art &amp; Synthetic Worlds<\/title>\n<meta name=\"description\" content=\"Explore the audiovisual and generative art projects by Ji\u0159\u00ed Philippe Janda. Focused on AI, fiction, memory, and digital ecosystems.\" \/>\n<meta name=\"robots\" content=\"index, follow, max-snippet:-1, max-image-preview:large, max-video-preview:-1\" \/>\n<link rel=\"canonical\" href=\"https:\/\/jpjanda.cz\/cs\/works\/\" \/>\n<meta property=\"og:locale\" content=\"cs_CZ\" \/>\n<meta property=\"og:type\" content=\"article\" \/>\n<meta property=\"og:title\" content=\"Ji\u0159\u00ed Philippe Janda | Selected Works \u2013 AI Art &amp; Synthetic Worlds\" \/>\n<meta property=\"og:description\" content=\"Explore the audiovisual and generative art projects by Ji\u0159\u00ed Philippe Janda. Focused on AI, fiction, memory, and digital ecosystems.\" \/>\n<meta property=\"og:url\" content=\"https:\/\/jpjanda.cz\/cs\/works\/\" \/>\n<meta property=\"og:site_name\" content=\"jpjanda\" \/>\n<meta property=\"article:modified_time\" content=\"2025-05-18T20:42:30+00:00\" \/>\n<meta property=\"og:image\" content=\"https:\/\/jpjanda.cz\/wp-content\/uploads\/2025\/05\/Prumyslovy-bestiar-mastnaci.jpg\" \/>\n\t<meta property=\"og:image:width\" content=\"1920\" \/>\n\t<meta property=\"og:image:height\" content=\"1080\" \/>\n\t<meta property=\"og:image:type\" content=\"image\/jpeg\" \/>\n<meta name=\"twitter:card\" content=\"summary_large_image\" \/>\n<meta name=\"twitter:label1\" content=\"Odhadovan\u00e1 doba \u010dten\u00ed\" \/>\n\t<meta name=\"twitter:data1\" content=\"1 minuta\" \/>\n<!-- \/ Yoast SEO plugin. -->","yoast_head_json":{"title":"Ji\u0159\u00ed Philippe Janda | Selected Works \u2013 AI Art & Synthetic Worlds","description":"Explore the audiovisual and generative art projects by Ji\u0159\u00ed Philippe Janda. Focused on AI, fiction, memory, and digital ecosystems.","robots":{"index":"index","follow":"follow","max-snippet":"max-snippet:-1","max-image-preview":"max-image-preview:large","max-video-preview":"max-video-preview:-1"},"canonical":"https:\/\/jpjanda.cz\/cs\/works\/","og_locale":"cs_CZ","og_type":"article","og_title":"Ji\u0159\u00ed Philippe Janda | Selected Works \u2013 AI Art & Synthetic Worlds","og_description":"Explore the audiovisual and generative art projects by Ji\u0159\u00ed Philippe Janda. Focused on AI, fiction, memory, and digital ecosystems.","og_url":"https:\/\/jpjanda.cz\/cs\/works\/","og_site_name":"jpjanda","article_modified_time":"2025-05-18T20:42:30+00:00","og_image":[{"width":1920,"height":1080,"url":"https:\/\/jpjanda.cz\/wp-content\/uploads\/2025\/05\/Prumyslovy-bestiar-mastnaci.jpg","type":"image\/jpeg"}],"twitter_card":"summary_large_image","twitter_misc":{"Odhadovan\u00e1 doba \u010dten\u00ed":"1 minuta"},"schema":{"@context":"https:\/\/schema.org","@graph":[{"@type":"WebPage","@id":"https:\/\/jpjanda.cz\/works\/","url":"https:\/\/jpjanda.cz\/works\/","name":"Ji\u0159\u00ed Philippe Janda | Selected Works \u2013 AI Art & Synthetic Worlds","isPartOf":{"@id":"https:\/\/jpjanda.cz\/#website"},"datePublished":"2025-05-18T20:08:17+00:00","dateModified":"2025-05-18T20:42:30+00:00","description":"Explore the audiovisual and generative art projects by Ji\u0159\u00ed Philippe Janda. Focused on AI, fiction, memory, and digital ecosystems.","breadcrumb":{"@id":"https:\/\/jpjanda.cz\/works\/#breadcrumb"},"inLanguage":"cs","potentialAction":[{"@type":"ReadAction","target":["https:\/\/jpjanda.cz\/works\/"]}]},{"@type":"BreadcrumbList","@id":"https:\/\/jpjanda.cz\/works\/#breadcrumb","itemListElement":[{"@type":"ListItem","position":1,"name":"Dom\u016f","item":"https:\/\/jpjanda.cz\/"},{"@type":"ListItem","position":2,"name":"Works"}]},{"@type":"WebSite","@id":"https:\/\/jpjanda.cz\/#website","url":"https:\/\/jpjanda.cz\/","name":"Ji\u0159\u00ed Philippe Janda \u00b7 AI & Art","description":"Ji\u0159\u00ed Philippe Janda \u00b7 AI &amp; Art","publisher":{"@id":"https:\/\/jpjanda.cz\/#\/schema\/person\/4a325a0017e4e27bc14e89d75b0a8bae"},"potentialAction":[{"@type":"SearchAction","target":{"@type":"EntryPoint","urlTemplate":"https:\/\/jpjanda.cz\/?s={search_term_string}"},"query-input":{"@type":"PropertyValueSpecification","valueRequired":true,"valueName":"search_term_string"}}],"inLanguage":"cs"},{"@type":["Person","Organization"],"@id":"https:\/\/jpjanda.cz\/#\/schema\/person\/4a325a0017e4e27bc14e89d75b0a8bae","name":"admin","logo":{"@id":"https:\/\/jpjanda.cz\/#\/schema\/person\/image\/"},"sameAs":["https:\/\/jpjanda.cz"]}]}},"_links":{"self":[{"href":"https:\/\/jpjanda.cz\/cs\/wp-json\/wp\/v2\/pages\/439","targetHints":{"allow":["GET"]}}],"collection":[{"href":"https:\/\/jpjanda.cz\/cs\/wp-json\/wp\/v2\/pages"}],"about":[{"href":"https:\/\/jpjanda.cz\/cs\/wp-json\/wp\/v2\/types\/page"}],"author":[{"embeddable":true,"href":"https:\/\/jpjanda.cz\/cs\/wp-json\/wp\/v2\/users\/1"}],"replies":[{"embeddable":true,"href":"https:\/\/jpjanda.cz\/cs\/wp-json\/wp\/v2\/comments?post=439"}],"version-history":[{"count":4,"href":"https:\/\/jpjanda.cz\/cs\/wp-json\/wp\/v2\/pages\/439\/revisions"}],"predecessor-version":[{"id":451,"href":"https:\/\/jpjanda.cz\/cs\/wp-json\/wp\/v2\/pages\/439\/revisions\/451"}],"wp:attachment":[{"href":"https:\/\/jpjanda.cz\/cs\/wp-json\/wp\/v2\/media?parent=439"}],"curies":[{"name":"wp","href":"https:\/\/api.w.org\/{rel}","templated":true}]}}