{"id":106,"date":"2025-05-08T17:47:02","date_gmt":"2025-05-08T17:47:02","guid":{"rendered":"https:\/\/jpjanda.cz\/?page_id=106"},"modified":"2025-06-19T09:03:32","modified_gmt":"2025-06-19T09:03:32","slug":"contact","status":"publish","type":"page","link":"https:\/\/jpjanda.cz\/cs\/contact\/","title":{"rendered":"Contact"},"content":{"rendered":"<div class=\"row wpb_row row-fluid\"><div class=\"wpb_column columns medium-12 thb-dark-column small-12\"><div class=\"vc_column-inner\"><div class=\"wpb_wrapper\"><div class=\"vc_empty_space\" id=\"thb-empty-space-69f862af3bb59\" style=\"height: 32px\" ><span class=\"vc_empty_space_inner\"><\/span><\/div>\r\n\r\n\t<div class=\"wpb_text_column wpb_content_element\" >\r\n\t\t<div class=\"wpb_wrapper\">\r\n\t\t\t<h1 style=\"text-align: center;\">Contact<\/h1>\n\r\n\t\t<\/div>\r\n\t<\/div>\r\n<div class=\"vc_empty_space\" id=\"thb-empty-space-69f862af3c332\" style=\"height: 32px\" ><span class=\"vc_empty_space_inner\"><\/span><\/div>\r\n<\/div><\/div><\/div><\/div><div class=\"row wpb_row row-fluid\"><div class=\"wpb_column columns medium-12 thb-dark-column small-12\"><div class=\"vc_column-inner\"><div class=\"wpb_wrapper\">\r\n\t<div class=\"wpb_text_column wpb_content_element\" >\r\n\t\t<div class=\"wpb_wrapper\">\r\n\t\t\t<p style=\"text-align: center;\">I&#8217;m open to collaborations, exhibitions, lectures and experimental encounters.<\/p>\n<p style=\"text-align: center;\">Let&#8217;s connect and explore what we can create together.<\/p>\n<p>&nbsp;<\/p>\n<h2 style=\"text-align: center;\">art@jpjanda.cz<\/h2>\n\r\n\t\t<\/div>\r\n\t<\/div>\r\n<\/div><\/div><\/div><\/div>","protected":false},"excerpt":{"rendered":"Contact I'm open to collaborations, exhibitions, lectures and experimental encounters. Let's connect and explore what we can create together. &nbsp; art@jpjanda.cz","protected":false},"author":1,"featured_media":0,"parent":0,"menu_order":0,"comment_status":"closed","ping_status":"closed","template":"","meta":{"footnotes":""},"class_list":["post-106","page","type-page","status-publish","hentry"],"yoast_head":"<!-- This site is optimized with the Yoast SEO plugin v27.3 - https:\/\/yoast.com\/product\/yoast-seo-wordpress\/ -->\n<title>Contact | Ji\u0159\u00ed Philippe Janda \u2013 Visual Artist &amp; Researcher<\/title>\n<meta name=\"description\" content=\"Get in touch with Ji\u0159\u00ed Philippe Janda \u2013 a visual artist, architect, and researcher working with AI. Exhibitions, lectures, collaborations.\" \/>\n<meta name=\"robots\" content=\"index, follow, max-snippet:-1, max-image-preview:large, max-video-preview:-1\" \/>\n<link rel=\"canonical\" href=\"https:\/\/jpjanda.cz\/cs\/contact\/\" \/>\n<meta property=\"og:locale\" content=\"cs_CZ\" \/>\n<meta property=\"og:type\" content=\"article\" \/>\n<meta property=\"og:title\" content=\"Contact | Ji\u0159\u00ed Philippe Janda \u2013 Visual Artist &amp; Researcher\" \/>\n<meta property=\"og:description\" content=\"Get in touch with Ji\u0159\u00ed Philippe Janda \u2013 a visual artist, architect, and researcher working with AI. Exhibitions, lectures, collaborations.\" \/>\n<meta property=\"og:url\" content=\"https:\/\/jpjanda.cz\/cs\/contact\/\" \/>\n<meta property=\"og:site_name\" content=\"jpjanda\" \/>\n<meta property=\"article:modified_time\" content=\"2025-06-19T09:03:32+00:00\" \/>\n<meta property=\"og:image\" content=\"https:\/\/jpjanda.cz\/wp-content\/uploads\/2025\/05\/Prumyslovy-bestiar-mastnaci.jpg\" \/>\n\t<meta property=\"og:image:width\" content=\"1920\" \/>\n\t<meta property=\"og:image:height\" content=\"1080\" \/>\n\t<meta property=\"og:image:type\" content=\"image\/jpeg\" \/>\n<meta name=\"twitter:card\" content=\"summary_large_image\" \/>\n<meta name=\"twitter:label1\" content=\"Odhadovan\u00e1 doba \u010dten\u00ed\" \/>\n\t<meta name=\"twitter:data1\" content=\"1 minuta\" \/>\n<!-- \/ Yoast SEO plugin. -->","yoast_head_json":{"title":"Contact | Ji\u0159\u00ed Philippe Janda \u2013 Visual Artist & Researcher","description":"Get in touch with Ji\u0159\u00ed Philippe Janda \u2013 a visual artist, architect, and researcher working with AI. Exhibitions, lectures, collaborations.","robots":{"index":"index","follow":"follow","max-snippet":"max-snippet:-1","max-image-preview":"max-image-preview:large","max-video-preview":"max-video-preview:-1"},"canonical":"https:\/\/jpjanda.cz\/cs\/contact\/","og_locale":"cs_CZ","og_type":"article","og_title":"Contact | Ji\u0159\u00ed Philippe Janda \u2013 Visual Artist & Researcher","og_description":"Get in touch with Ji\u0159\u00ed Philippe Janda \u2013 a visual artist, architect, and researcher working with AI. Exhibitions, lectures, collaborations.","og_url":"https:\/\/jpjanda.cz\/cs\/contact\/","og_site_name":"jpjanda","article_modified_time":"2025-06-19T09:03:32+00:00","og_image":[{"width":1920,"height":1080,"url":"https:\/\/jpjanda.cz\/wp-content\/uploads\/2025\/05\/Prumyslovy-bestiar-mastnaci.jpg","type":"image\/jpeg"}],"twitter_card":"summary_large_image","twitter_misc":{"Odhadovan\u00e1 doba \u010dten\u00ed":"1 minuta"},"schema":{"@context":"https:\/\/schema.org","@graph":[{"@type":"WebPage","@id":"https:\/\/jpjanda.cz\/contact\/","url":"https:\/\/jpjanda.cz\/contact\/","name":"Contact | Ji\u0159\u00ed Philippe Janda \u2013 Visual Artist & Researcher","isPartOf":{"@id":"https:\/\/jpjanda.cz\/#website"},"datePublished":"2025-05-08T17:47:02+00:00","dateModified":"2025-06-19T09:03:32+00:00","description":"Get in touch with Ji\u0159\u00ed Philippe Janda \u2013 a visual artist, architect, and researcher working with AI. Exhibitions, lectures, collaborations.","breadcrumb":{"@id":"https:\/\/jpjanda.cz\/contact\/#breadcrumb"},"inLanguage":"cs","potentialAction":[{"@type":"ReadAction","target":["https:\/\/jpjanda.cz\/contact\/"]}]},{"@type":"BreadcrumbList","@id":"https:\/\/jpjanda.cz\/contact\/#breadcrumb","itemListElement":[{"@type":"ListItem","position":1,"name":"Dom\u016f","item":"https:\/\/jpjanda.cz\/"},{"@type":"ListItem","position":2,"name":"Contact"}]},{"@type":"WebSite","@id":"https:\/\/jpjanda.cz\/#website","url":"https:\/\/jpjanda.cz\/","name":"Ji\u0159\u00ed Philippe Janda \u00b7 AI & Art","description":"Ji\u0159\u00ed Philippe Janda \u00b7 AI &amp; Art","publisher":{"@id":"https:\/\/jpjanda.cz\/#\/schema\/person\/4a325a0017e4e27bc14e89d75b0a8bae"},"potentialAction":[{"@type":"SearchAction","target":{"@type":"EntryPoint","urlTemplate":"https:\/\/jpjanda.cz\/?s={search_term_string}"},"query-input":{"@type":"PropertyValueSpecification","valueRequired":true,"valueName":"search_term_string"}}],"inLanguage":"cs"},{"@type":["Person","Organization"],"@id":"https:\/\/jpjanda.cz\/#\/schema\/person\/4a325a0017e4e27bc14e89d75b0a8bae","name":"admin","logo":{"@id":"https:\/\/jpjanda.cz\/#\/schema\/person\/image\/"},"sameAs":["https:\/\/jpjanda.cz"]}]}},"_links":{"self":[{"href":"https:\/\/jpjanda.cz\/cs\/wp-json\/wp\/v2\/pages\/106","targetHints":{"allow":["GET"]}}],"collection":[{"href":"https:\/\/jpjanda.cz\/cs\/wp-json\/wp\/v2\/pages"}],"about":[{"href":"https:\/\/jpjanda.cz\/cs\/wp-json\/wp\/v2\/types\/page"}],"author":[{"embeddable":true,"href":"https:\/\/jpjanda.cz\/cs\/wp-json\/wp\/v2\/users\/1"}],"replies":[{"embeddable":true,"href":"https:\/\/jpjanda.cz\/cs\/wp-json\/wp\/v2\/comments?post=106"}],"version-history":[{"count":8,"href":"https:\/\/jpjanda.cz\/cs\/wp-json\/wp\/v2\/pages\/106\/revisions"}],"predecessor-version":[{"id":591,"href":"https:\/\/jpjanda.cz\/cs\/wp-json\/wp\/v2\/pages\/106\/revisions\/591"}],"wp:attachment":[{"href":"https:\/\/jpjanda.cz\/cs\/wp-json\/wp\/v2\/media?parent=106"}],"curies":[{"name":"wp","href":"https:\/\/api.w.org\/{rel}","templated":true}]}}